{"id":1386,"date":"2021-05-07T13:15:54","date_gmt":"2021-05-07T11:15:54","guid":{"rendered":"http:\/\/supercmr.com\/?page_id=1386"},"modified":"2021-05-07T13:25:51","modified_gmt":"2021-05-07T11:25:51","slug":"pagalba","status":"publish","type":"page","link":"https:\/\/supercmr.com\/lt\/pagalba\/","title":{"rendered":"Pagalba"},"content":{"rendered":"\t\t<div data-elementor-type=\"wp-page\" data-elementor-id=\"1386\" class=\"elementor elementor-1386\" data-elementor-settings=\"[]\">\n\t\t\t\t\t\t\t<div class=\"elementor-section-wrap\">\n\t\t\t\t\t\t\t<section class=\"elementor-section elementor-top-section elementor-element elementor-element-40764992 elementor-section-boxed elementor-section-height-default elementor-section-height-default\" data-id=\"40764992\" data-element_type=\"section\">\n\t\t\t\t\t\t<div class=\"elementor-container elementor-column-gap-default\">\n\t\t\t\t\t<div class=\"elementor-column elementor-col-100 elementor-top-column elementor-element elementor-element-5800b181\" data-id=\"5800b181\" data-element_type=\"column\">\n\t\t\t<div class=\"elementor-widget-wrap elementor-element-populated\">\n\t\t\t\t\t\t\t\t<div class=\"elementor-element elementor-element-5f5d8670 elementor-widget elementor-widget-text-editor\" data-id=\"5f5d8670\" data-element_type=\"widget\" data-widget_type=\"text-editor.default\">\n\t\t\t\t<div class=\"elementor-widget-container\">\n\t\t\t\t\t\t\t\t\n<p>Pagalba yra gerai, kai ji suteikiama. \ud83d\ude42<br \/>Grei\u010diausias b\u016bdas rasti atsakym\u0105 \u012f r\u016bpim\u0105 klausim\u0105 &#8211; D.U.K. (\u017er. \u017eemiau). Jeigu visgi neradome, dr\u0105siname susisiekti per Kontakt\u0173 skilt\u012f.<\/p>\n\t\t\t\t\t\t<\/div>\n\t\t\t\t<\/div>\n\t\t\t\t\t<\/div>\n\t\t<\/div>\n\t\t\t\t\t\t\t<\/div>\n\t\t<\/section>\n\t\t\t\t<section class=\"elementor-section elementor-top-section elementor-element elementor-element-9301412 elementor-section-boxed elementor-section-height-default elementor-section-height-default\" data-id=\"9301412\" data-element_type=\"section\">\n\t\t\t\t\t\t<div class=\"elementor-container elementor-column-gap-default\">\n\t\t\t\t\t<div class=\"elementor-column elementor-col-100 elementor-top-column elementor-element elementor-element-5a795cb\" data-id=\"5a795cb\" data-element_type=\"column\">\n\t\t\t<div class=\"elementor-widget-wrap\">\n\t\t\t\t\t\t\t\t\t<\/div>\n\t\t<\/div>\n\t\t\t\t\t\t\t<\/div>\n\t\t<\/section>\n\t\t\t\t\t\t<\/div>\n\t\t\t\t\t<\/div>\n\t\t","protected":false},"excerpt":{"rendered":"<p>Pagalba yra gerai, kai ji suteikiama. \ud83d\ude42Grei\u010diausias b\u016bdas rasti atsakym\u0105 \u012f r\u016bpim\u0105 klausim\u0105 &#8211; D.U.K. (\u017er. \u017eemiau). Jeigu visgi neradome, dr\u0105siname susisiekti per Kontakt\u0173 skilt\u012f. D.U.K.<span class=\"excerpt-hellip\"> [\u2026]<\/span><\/p>\n","protected":false},"author":2,"featured_media":0,"parent":0,"menu_order":0,"comment_status":"closed","ping_status":"closed","template":"","meta":{"footnotes":""},"class_list":["post-1386","page","type-page","status-publish","hentry"],"_links":{"self":[{"href":"https:\/\/supercmr.com\/lt\/wp-json\/wp\/v2\/pages\/1386","targetHints":{"allow":["GET"]}}],"collection":[{"href":"https:\/\/supercmr.com\/lt\/wp-json\/wp\/v2\/pages"}],"about":[{"href":"https:\/\/supercmr.com\/lt\/wp-json\/wp\/v2\/types\/page"}],"author":[{"embeddable":true,"href":"https:\/\/supercmr.com\/lt\/wp-json\/wp\/v2\/users\/2"}],"replies":[{"embeddable":true,"href":"https:\/\/supercmr.com\/lt\/wp-json\/wp\/v2\/comments?post=1386"}],"version-history":[{"count":7,"href":"https:\/\/supercmr.com\/lt\/wp-json\/wp\/v2\/pages\/1386\/revisions"}],"predecessor-version":[{"id":1394,"href":"https:\/\/supercmr.com\/lt\/wp-json\/wp\/v2\/pages\/1386\/revisions\/1394"}],"wp:attachment":[{"href":"https:\/\/supercmr.com\/lt\/wp-json\/wp\/v2\/media?parent=1386"}],"curies":[{"name":"wp","href":"https:\/\/api.w.org\/{rel}","templated":true}]}}