{"id":1436,"date":"2021-05-11T09:45:57","date_gmt":"2021-05-11T07:45:57","guid":{"rendered":"http:\/\/supercmr.com\/?page_id=1436"},"modified":"2022-02-23T12:31:02","modified_gmt":"2022-02-23T11:31:02","slug":"atsiliepimai","status":"publish","type":"page","link":"https:\/\/supercmr.com\/lt\/atsiliepimai\/","title":{"rendered":"Atsiliepimai"},"content":{"rendered":"<p>Mielas lankytojau,<\/p>\n<p>Jeigu pageidaujate <strong>patikrinti ar palikti savo atsiliepim\u0105<\/strong> apie j\u016bs\u0173 patirt\u012f naudojantis SuperCMR, pra\u0161ome apsilankyti m\u016bs\u0173 puslapyje TrustPilot platformoje. Nuoroda \u017eemiau.<br \/>\n<a href=\"https:\/\/www.trustpilot.com\/review\/supercmr.com?languages=all\">https:\/\/www.trustpilot.com\/review\/supercmr.com<\/a><\/p>\n<p>Jeigu turite <strong>pageidavim\u0173 d\u0117l nauj\u0173 funkcij\u0173<\/strong> ar <strong>norite prabalsuoti u\u017e kit\u0173 i\u0161reik\u0161tus funkcij\u0173 pageidavimus<\/strong>, pra\u0161ome apsilankyti m\u016bs\u0173 puslapyje Canny platformoje. Nuoroda \u017eemiau.<br \/>\n<a href=\"https:\/\/supercmr.canny.io\/feature-requests\">https:\/\/supercmr.canny.io\/feature-requests<\/a><\/p>\n","protected":false},"excerpt":{"rendered":"<p>Mielas lankytojau, Jeigu pageidaujate patikrinti ar palikti savo atsiliepim\u0105 apie j\u016bs\u0173 patirt\u012f naudojantis SuperCMR, pra\u0161ome apsilankyti m\u016bs\u0173 puslapyje TrustPilot platformoje. Nuoroda \u017eemiau. https:\/\/www.trustpilot.com\/review\/supercmr.com Jeigu turite pageidavim\u0173<span class=\"excerpt-hellip\"> [\u2026]<\/span><\/p>\n","protected":false},"author":3,"featured_media":0,"parent":0,"menu_order":0,"comment_status":"closed","ping_status":"closed","template":"","meta":{"footnotes":""},"class_list":["post-1436","page","type-page","status-publish","hentry"],"_links":{"self":[{"href":"https:\/\/supercmr.com\/lt\/wp-json\/wp\/v2\/pages\/1436","targetHints":{"allow":["GET"]}}],"collection":[{"href":"https:\/\/supercmr.com\/lt\/wp-json\/wp\/v2\/pages"}],"about":[{"href":"https:\/\/supercmr.com\/lt\/wp-json\/wp\/v2\/types\/page"}],"author":[{"embeddable":true,"href":"https:\/\/supercmr.com\/lt\/wp-json\/wp\/v2\/users\/3"}],"replies":[{"embeddable":true,"href":"https:\/\/supercmr.com\/lt\/wp-json\/wp\/v2\/comments?post=1436"}],"version-history":[{"count":4,"href":"https:\/\/supercmr.com\/lt\/wp-json\/wp\/v2\/pages\/1436\/revisions"}],"predecessor-version":[{"id":3022,"href":"https:\/\/supercmr.com\/lt\/wp-json\/wp\/v2\/pages\/1436\/revisions\/3022"}],"wp:attachment":[{"href":"https:\/\/supercmr.com\/lt\/wp-json\/wp\/v2\/media?parent=1436"}],"curies":[{"name":"wp","href":"https:\/\/api.w.org\/{rel}","templated":true}]}}